{"id":16141,"date":"2024-01-24T18:20:31","date_gmt":"2024-01-24T18:20:31","guid":{"rendered":"https:\/\/confeccionesmyrian.com\/?post_type=product&#038;p=16141"},"modified":"2024-01-24T18:20:32","modified_gmt":"2024-01-24T18:20:32","slug":"pantalon-de-franela","status":"publish","type":"product","link":"https:\/\/confeccionesmyrian.com\/index.php\/producto\/pantalon-de-franela\/","title":{"rendered":"Pantal\u00f3n de franela"},"content":{"rendered":"","protected":false},"excerpt":{"rendered":"<p>Pantal\u00f3n cl\u00e1sico de franela, 60% de lana, desde<\/p>\n","protected":false},"featured_media":16035,"comment_status":"open","ping_status":"closed","template":"","meta":[],"product_brand":[],"product_cat":[85,84],"product_tag":[],"class_list":{"0":"post-16141","1":"product","2":"type-product","3":"status-publish","4":"has-post-thumbnail","6":"product_cat-pantalon-clasico","7":"product_cat-pantalones","9":"first","10":"instock","11":"sale","12":"shipping-taxable","13":"purchasable","14":"product-type-simple"},"_links":{"self":[{"href":"https:\/\/confeccionesmyrian.com\/index.php\/wp-json\/wp\/v2\/product\/16141","targetHints":{"allow":["GET"]}}],"collection":[{"href":"https:\/\/confeccionesmyrian.com\/index.php\/wp-json\/wp\/v2\/product"}],"about":[{"href":"https:\/\/confeccionesmyrian.com\/index.php\/wp-json\/wp\/v2\/types\/product"}],"replies":[{"embeddable":true,"href":"https:\/\/confeccionesmyrian.com\/index.php\/wp-json\/wp\/v2\/comments?post=16141"}],"version-history":[{"count":1,"href":"https:\/\/confeccionesmyrian.com\/index.php\/wp-json\/wp\/v2\/product\/16141\/revisions"}],"predecessor-version":[{"id":16142,"href":"https:\/\/confeccionesmyrian.com\/index.php\/wp-json\/wp\/v2\/product\/16141\/revisions\/16142"}],"wp:featuredmedia":[{"embeddable":true,"href":"https:\/\/confeccionesmyrian.com\/index.php\/wp-json\/wp\/v2\/media\/16035"}],"wp:attachment":[{"href":"https:\/\/confeccionesmyrian.com\/index.php\/wp-json\/wp\/v2\/media?parent=16141"}],"wp:term":[{"taxonomy":"product_brand","embeddable":true,"href":"https:\/\/confeccionesmyrian.com\/index.php\/wp-json\/wp\/v2\/product_brand?post=16141"},{"taxonomy":"product_cat","embeddable":true,"href":"https:\/\/confeccionesmyrian.com\/index.php\/wp-json\/wp\/v2\/product_cat?post=16141"},{"taxonomy":"product_tag","embeddable":true,"href":"https:\/\/confeccionesmyrian.com\/index.php\/wp-json\/wp\/v2\/product_tag?post=16141"}],"curies":[{"name":"wp","href":"https:\/\/api.w.org\/{rel}","templated":true}]}}